{"id":11,"date":"2024-09-23T20:57:12","date_gmt":"2024-09-23T20:57:12","guid":{"rendered":"http:\/\/accueillirtendrement.com\/?page_id=11"},"modified":"2025-08-26T10:58:31","modified_gmt":"2025-08-26T10:58:31","slug":"accompagnements","status":"publish","type":"page","link":"https:\/\/accueillirtendrement.com\/index.php\/accompagnements\/","title":{"rendered":"ACCOMPAGNEMENTS"},"content":{"rendered":"\n<div class=\"wp-block-columns has-palette-color-1-background-color has-background is-layout-flex wp-container-core-columns-is-layout-2 wp-block-columns-is-layout-flex\" style=\"margin-top:0;margin-bottom:0;padding-top:0;padding-right:0;padding-bottom:0;padding-left:0\">\n<div class=\"wp-block-column is-layout-flow wp-block-column-is-layout-flow\">\n<div class=\"wp-block-group is-layout-constrained wp-block-group-is-layout-constrained\">\n<div class=\"wp-block-columns is-layout-flex wp-container-core-columns-is-layout-1 wp-block-columns-is-layout-flex\">\n<div class=\"wp-block-column is-layout-flow wp-block-column-is-layout-flow\" style=\"flex-basis:100%\">\n<div class=\"wp-block-cover\"><span aria-hidden=\"true\" class=\"wp-block-cover__background has-background-dim\"><\/span><img fetchpriority=\"high\" decoding=\"async\" width=\"768\" height=\"1024\" class=\"wp-block-cover__image-background wp-image-2251\" alt=\"\" src=\"https:\/\/accueillirtendrement.com\/wp-content\/uploads\/2025\/08\/image-1.jpeg\" style=\"object-position:65% 53%\" data-object-fit=\"cover\" data-object-position=\"65% 53%\" srcset=\"https:\/\/accueillirtendrement.com\/wp-content\/uploads\/2025\/08\/image-1.jpeg 768w, https:\/\/accueillirtendrement.com\/wp-content\/uploads\/2025\/08\/image-1-225x300.jpeg 225w\" sizes=\"(max-width: 768px) 100vw, 768px\" \/><div class=\"wp-block-cover__inner-container is-layout-flow wp-block-cover-is-layout-flow\">\n<p class=\"has-text-align-center has-palette-color-3-color has-text-color has-link-color has-large-font-size wp-elements-9029d5ea4e18bc4540fd09744902effa\"><a href=\"https:\/\/accueillirtendrement.com\/index.php\/2024\/09\/28\/le-therapeutique-bain-bebe\/\"><strong><em>TH\u00c9RAPEUTIQUE BAIN B\u00c9B\u00c9<\/em><\/strong><\/a><\/p>\n<\/div><\/div>\n<\/div>\n<\/div>\n<\/div>\n<\/div>\n\n\n\n<div class=\"wp-block-column is-layout-flow wp-container-core-column-is-layout-3 wp-block-column-is-layout-flow\" style=\"padding-top:0;padding-bottom:0\">\n<div class=\"wp-block-cover\"><span aria-hidden=\"true\" class=\"wp-block-cover__background has-background-dim\"><\/span><img decoding=\"async\" width=\"1024\" height=\"683\" class=\"wp-block-cover__image-background wp-image-2298\" alt=\"\" src=\"https:\/\/accueillirtendrement.com\/wp-content\/uploads\/2025\/08\/image-6.jpeg\" data-object-fit=\"cover\" srcset=\"https:\/\/accueillirtendrement.com\/wp-content\/uploads\/2025\/08\/image-6.jpeg 1024w, https:\/\/accueillirtendrement.com\/wp-content\/uploads\/2025\/08\/image-6-300x200.jpeg 300w, https:\/\/accueillirtendrement.com\/wp-content\/uploads\/2025\/08\/image-6-768x512.jpeg 768w\" sizes=\"(max-width: 1024px) 100vw, 1024px\" \/><div class=\"wp-block-cover__inner-container is-layout-flow wp-block-cover-is-layout-flow\">\n<p class=\"has-text-align-center has-palette-color-3-color has-text-color has-link-color has-large-font-size wp-elements-240de20c3ce6012ecd16c6a2d6c36f47\" style=\"margin-top:0;margin-right:0;margin-bottom:0;margin-left:0\"><strong><em><a href=\"https:\/\/accueillirtendrement.com\/index.php\/2024\/09\/26\/le-retour-a-la-maison\/\" data-type=\"post\" data-id=\"186\">L\u2019ARRIV\u00c9E DE B\u00c9B\u00c9<\/a><\/em><\/strong><\/p>\n<\/div><\/div>\n<\/div>\n\n\n\n<div class=\"wp-block-column is-layout-flow wp-block-column-is-layout-flow\">\n<div class=\"wp-block-cover is-light\" style=\"border-style:none;border-width:0px;padding-right:0;padding-left:0\"><span aria-hidden=\"true\" class=\"wp-block-cover__background has-background-dim\"><\/span><img decoding=\"async\" width=\"1170\" height=\"1170\" class=\"wp-block-cover__image-background wp-image-811\" alt=\"\" src=\"http:\/\/accueillirtendrement.com\/wp-content\/uploads\/2024\/11\/460289191_1073983577623905_3950479563399054928_n-2.jpg\" data-object-fit=\"cover\" srcset=\"https:\/\/accueillirtendrement.com\/wp-content\/uploads\/2024\/11\/460289191_1073983577623905_3950479563399054928_n-2.jpg 1170w, https:\/\/accueillirtendrement.com\/wp-content\/uploads\/2024\/11\/460289191_1073983577623905_3950479563399054928_n-2-300x300.jpg 300w, https:\/\/accueillirtendrement.com\/wp-content\/uploads\/2024\/11\/460289191_1073983577623905_3950479563399054928_n-2-1024x1024.jpg 1024w, https:\/\/accueillirtendrement.com\/wp-content\/uploads\/2024\/11\/460289191_1073983577623905_3950479563399054928_n-2-150x150.jpg 150w, https:\/\/accueillirtendrement.com\/wp-content\/uploads\/2024\/11\/460289191_1073983577623905_3950479563399054928_n-2-768x768.jpg 768w\" sizes=\"(max-width: 1170px) 100vw, 1170px\" \/><div class=\"wp-block-cover__inner-container is-layout-flow wp-container-core-cover-is-layout-3 wp-block-cover-is-layout-flow\">\n<p class=\"has-text-align-center has-palette-color-3-color has-text-color has-link-color has-large-font-size wp-elements-8d3437f7291cc57259930e659d17fe9b\"><a href=\"https:\/\/accueillirtendrement.com\/index.php\/2024\/09\/26\/allaitement\/\"><strong><em>ALLAITEMENT<\/em><\/strong><\/a><\/p>\n<\/div><\/div>\n<\/div>\n<\/div>\n\n\n\n<div class=\"wp-block-columns has-palette-color-1-background-color has-background is-layout-flex wp-container-core-columns-is-layout-3 wp-block-columns-is-layout-flex\" style=\"margin-top:0;margin-bottom:0;padding-top:0;padding-right:0;padding-bottom:0;padding-left:0\">\n<div class=\"wp-block-column is-layout-flow wp-block-column-is-layout-flow\">\n<div class=\"wp-block-group is-layout-constrained wp-block-group-is-layout-constrained\">\n<div class=\"wp-block-cover\"><span aria-hidden=\"true\" class=\"wp-block-cover__background has-background-dim\"><\/span><img loading=\"lazy\" decoding=\"async\" width=\"683\" height=\"1024\" class=\"wp-block-cover__image-background wp-image-2366\" alt=\"\" src=\"https:\/\/accueillirtendrement.com\/wp-content\/uploads\/2025\/08\/image-7.jpeg\" data-object-fit=\"cover\" srcset=\"https:\/\/accueillirtendrement.com\/wp-content\/uploads\/2025\/08\/image-7.jpeg 683w, https:\/\/accueillirtendrement.com\/wp-content\/uploads\/2025\/08\/image-7-200x300.jpeg 200w\" sizes=\"(max-width: 683px) 100vw, 683px\" \/><div class=\"wp-block-cover__inner-container is-layout-flow wp-block-cover-is-layout-flow\">\n<p class=\"has-text-align-center has-palette-color-3-color has-text-color has-link-color has-large-font-size wp-elements-3454bace96897a7ab3ce3a36074105ea\"><strong><em><a href=\"https:\/\/accueillirtendrement.com\/index.php\/2024\/09\/26\/diversification-dme\/\">ALIMENTA<\/a><\/em><\/strong><em><span style=\"text-decoration: underline;\"><a href=\"https:\/\/accueillirtendrement.com\/index.php\/2024\/09\/26\/diversification-dme\/\"><strong>TION<\/strong><\/a><\/span><\/em><\/p>\n<\/div><\/div>\n<\/div>\n<\/div>\n\n\n\n<div class=\"wp-block-column is-layout-flow wp-block-column-is-layout-flow\">\n<div class=\"wp-block-cover is-light\"><span aria-hidden=\"true\" class=\"wp-block-cover__background has-background-dim\"><\/span><img loading=\"lazy\" decoding=\"async\" width=\"1707\" height=\"2560\" class=\"wp-block-cover__image-background wp-image-2549\" alt=\"\" src=\"http:\/\/accueillirtendrement.com\/wp-content\/uploads\/2024\/09\/pexels-shkrabaanthony-6134670-1-scaled.jpg\" data-object-fit=\"cover\" srcset=\"https:\/\/accueillirtendrement.com\/wp-content\/uploads\/2024\/09\/pexels-shkrabaanthony-6134670-1-scaled.jpg 1707w, https:\/\/accueillirtendrement.com\/wp-content\/uploads\/2024\/09\/pexels-shkrabaanthony-6134670-1-200x300.jpg 200w, https:\/\/accueillirtendrement.com\/wp-content\/uploads\/2024\/09\/pexels-shkrabaanthony-6134670-1-683x1024.jpg 683w, https:\/\/accueillirtendrement.com\/wp-content\/uploads\/2024\/09\/pexels-shkrabaanthony-6134670-1-768x1152.jpg 768w\" sizes=\"(max-width: 1707px) 100vw, 1707px\" \/><div class=\"wp-block-cover__inner-container is-layout-flow wp-block-cover-is-layout-flow\">\n<p class=\"has-text-align-center has-palette-color-3-color has-text-color has-link-color has-large-font-size wp-elements-84bb7e0be58eeb0e3346d9c8c10a1840\" style=\"margin-top:0;margin-right:0;margin-bottom:0;margin-left:0\"><strong><em><span style=\"text-decoration: underline;\"><a href=\"https:\/\/accueillirtendrement.com\/index.php\/2024\/09\/30\/rgo-colique\/\">RGO ET INCONFORT<\/a><\/span><\/em><\/strong><\/p>\n<\/div><\/div>\n<\/div>\n\n\n\n<div class=\"wp-block-column is-layout-flow wp-block-column-is-layout-flow\">\n<div class=\"wp-block-cover is-light\"><span aria-hidden=\"true\" class=\"wp-block-cover__background has-background-dim\"><\/span><img loading=\"lazy\" decoding=\"async\" width=\"1829\" height=\"2560\" class=\"wp-block-cover__image-background wp-image-2575\" alt=\"\" src=\"http:\/\/accueillirtendrement.com\/wp-content\/uploads\/2024\/09\/top-view-adorable-little-baby-sleeping-scaled.jpg\" data-object-fit=\"cover\" srcset=\"https:\/\/accueillirtendrement.com\/wp-content\/uploads\/2024\/09\/top-view-adorable-little-baby-sleeping-scaled.jpg 1829w, https:\/\/accueillirtendrement.com\/wp-content\/uploads\/2024\/09\/top-view-adorable-little-baby-sleeping-214x300.jpg 214w, https:\/\/accueillirtendrement.com\/wp-content\/uploads\/2024\/09\/top-view-adorable-little-baby-sleeping-732x1024.jpg 732w, https:\/\/accueillirtendrement.com\/wp-content\/uploads\/2024\/09\/top-view-adorable-little-baby-sleeping-768x1075.jpg 768w, https:\/\/accueillirtendrement.com\/wp-content\/uploads\/2024\/09\/top-view-adorable-little-baby-sleeping-1097x1536.jpg 1097w, https:\/\/accueillirtendrement.com\/wp-content\/uploads\/2024\/09\/top-view-adorable-little-baby-sleeping-1463x2048.jpg 1463w\" sizes=\"(max-width: 1829px) 100vw, 1829px\" \/><div class=\"wp-block-cover__inner-container is-layout-flow wp-block-cover-is-layout-flow\">\n<p class=\"has-text-align-center has-palette-color-3-color has-text-color has-link-color has-large-font-size wp-elements-1f8d04d3c54c4f4b5b4ac0f12d194f4c\" style=\"margin-top:0;margin-right:0;margin-bottom:0;margin-left:0\"><strong><em><a href=\"https:\/\/accueillirtendrement.com\/index.php\/2024\/09\/25\/pleurs\/\">S<\/a><\/em><\/strong><span style=\"text-decoration: underline;\"><em><a href=\"https:\/\/accueillirtendrement.com\/index.php\/2024\/09\/25\/pleurs\/\"><strong>OMMEIL<\/strong><\/a><\/em><\/span><\/p>\n<\/div><\/div>\n<\/div>\n<\/div>\n\n\n\n<div class=\"wp-block-columns has-palette-color-1-background-color has-background is-layout-flex wp-container-core-columns-is-layout-5 wp-block-columns-is-layout-flex\" style=\"margin-top:0;margin-bottom:0;padding-top:0;padding-right:0;padding-bottom:0;padding-left:0\">\n<div class=\"wp-block-column is-layout-flow wp-block-column-is-layout-flow\">\n<div class=\"wp-block-group is-layout-constrained wp-block-group-is-layout-constrained\">\n<div class=\"wp-block-cover\"><span aria-hidden=\"true\" class=\"wp-block-cover__background has-background-dim\"><\/span><img loading=\"lazy\" decoding=\"async\" width=\"1170\" height=\"1170\" class=\"wp-block-cover__image-background wp-image-816\" alt=\"\" src=\"https:\/\/accueillirtendrement.com\/wp-content\/uploads\/2024\/11\/458985580_1080762743678476_6330733708088504130_n.jpg\" data-object-fit=\"cover\" srcset=\"https:\/\/accueillirtendrement.com\/wp-content\/uploads\/2024\/11\/458985580_1080762743678476_6330733708088504130_n.jpg 1170w, https:\/\/accueillirtendrement.com\/wp-content\/uploads\/2024\/11\/458985580_1080762743678476_6330733708088504130_n-300x300.jpg 300w, https:\/\/accueillirtendrement.com\/wp-content\/uploads\/2024\/11\/458985580_1080762743678476_6330733708088504130_n-1024x1024.jpg 1024w, https:\/\/accueillirtendrement.com\/wp-content\/uploads\/2024\/11\/458985580_1080762743678476_6330733708088504130_n-150x150.jpg 150w, https:\/\/accueillirtendrement.com\/wp-content\/uploads\/2024\/11\/458985580_1080762743678476_6330733708088504130_n-768x768.jpg 768w\" sizes=\"(max-width: 1170px) 100vw, 1170px\" \/><div class=\"wp-block-cover__inner-container is-layout-flow wp-block-cover-is-layout-flow\">\n<p class=\"has-text-align-center has-palette-color-3-color has-text-color has-link-color has-large-font-size wp-elements-a082dd6dccae8326f3e87f987ef13880\"><br><strong><em><a href=\"https:\/\/accueillirtendrement.com\/index.php\/2024\/09\/26\/portage-physiologique\/\">PORTAGE PHYSIOLOGIQUE<\/a><\/em><\/strong><\/p>\n<\/div><\/div>\n<\/div>\n<\/div>\n\n\n\n<div class=\"wp-block-column is-layout-flow wp-block-column-is-layout-flow\">\n<div class=\"wp-block-cover is-light\"><span aria-hidden=\"true\" class=\"wp-block-cover__background has-background-dim\"><\/span><img loading=\"lazy\" decoding=\"async\" width=\"1170\" height=\"1170\" class=\"wp-block-cover__image-background wp-image-535\" alt=\"\" src=\"http:\/\/accueillirtendrement.com\/wp-content\/uploads\/2024\/09\/457828681_1027783912475249_5857898883585627508_n.jpg\" data-object-fit=\"cover\" srcset=\"https:\/\/accueillirtendrement.com\/wp-content\/uploads\/2024\/09\/457828681_1027783912475249_5857898883585627508_n.jpg 1170w, https:\/\/accueillirtendrement.com\/wp-content\/uploads\/2024\/09\/457828681_1027783912475249_5857898883585627508_n-300x300.jpg 300w, https:\/\/accueillirtendrement.com\/wp-content\/uploads\/2024\/09\/457828681_1027783912475249_5857898883585627508_n-1024x1024.jpg 1024w, https:\/\/accueillirtendrement.com\/wp-content\/uploads\/2024\/09\/457828681_1027783912475249_5857898883585627508_n-150x150.jpg 150w, https:\/\/accueillirtendrement.com\/wp-content\/uploads\/2024\/09\/457828681_1027783912475249_5857898883585627508_n-768x768.jpg 768w\" sizes=\"(max-width: 1170px) 100vw, 1170px\" \/><div class=\"wp-block-cover__inner-container is-layout-flow wp-block-cover-is-layout-flow\">\n<p class=\"has-text-align-center has-palette-color-3-color has-text-color has-link-color has-large-font-size wp-elements-321cd96d8aa7f453ad9131af045e8841\" style=\"margin-top:0;margin-right:0;margin-bottom:0;margin-left:0\"><br><strong><em><a href=\"https:\/\/accueillirtendrement.com\/index.php\/2024\/09\/28\/massage-bebe\/\">M<\/a><\/em><\/strong><span style=\"text-decoration: underline;\"><em><a href=\"https:\/\/accueillirtendrement.com\/index.php\/2024\/09\/28\/massage-bebe\/\"><strong>ASSAGE B\u00c9B\u00c9<\/strong><\/a><\/em><\/span><\/p>\n<\/div><\/div>\n<\/div>\n\n\n\n<div class=\"wp-block-column is-layout-flow wp-block-column-is-layout-flow\">\n<div class=\"wp-block-columns has-palette-color-1-background-color has-background is-layout-flex wp-container-core-columns-is-layout-4 wp-block-columns-is-layout-flex\" style=\"margin-top:0;margin-bottom:0;padding-top:0;padding-right:0;padding-bottom:0;padding-left:0\">\n<div class=\"wp-block-column is-layout-flow wp-block-column-is-layout-flow\">\n<div class=\"wp-block-cover\" style=\"border-style:none;border-width:0px;padding-right:0;padding-left:0\"><span aria-hidden=\"true\" class=\"wp-block-cover__background has-background-dim\"><\/span><img loading=\"lazy\" decoding=\"async\" width=\"1200\" height=\"1200\" class=\"wp-block-cover__image-background wp-image-818\" alt=\"\" src=\"https:\/\/accueillirtendrement.com\/wp-content\/uploads\/2024\/11\/BeFunky-design-31.png\" data-object-fit=\"cover\" srcset=\"https:\/\/accueillirtendrement.com\/wp-content\/uploads\/2024\/11\/BeFunky-design-31.png 1200w, https:\/\/accueillirtendrement.com\/wp-content\/uploads\/2024\/11\/BeFunky-design-31-300x300.png 300w, https:\/\/accueillirtendrement.com\/wp-content\/uploads\/2024\/11\/BeFunky-design-31-1024x1024.png 1024w, https:\/\/accueillirtendrement.com\/wp-content\/uploads\/2024\/11\/BeFunky-design-31-150x150.png 150w, https:\/\/accueillirtendrement.com\/wp-content\/uploads\/2024\/11\/BeFunky-design-31-768x768.png 768w\" sizes=\"(max-width: 1200px) 100vw, 1200px\" \/><div class=\"wp-block-cover__inner-container is-layout-flow wp-container-core-cover-is-layout-9 wp-block-cover-is-layout-flow\">\n<p class=\"has-text-align-center has-palette-color-3-color has-text-color has-link-color has-large-font-size wp-elements-b802f418a33c57b334dfae370affc9ff\"><br><strong><em><span style=\"text-decoration: underline;\"><a href=\"https:\/\/accueillirtendrement.com\/index.php\/2024\/09\/28\/initiation-aux-gestes-de-premiers-secours\/\">GESTES D&rsquo;URGENCE<\/a><\/span><\/em><\/strong><\/p>\n<\/div><\/div>\n<\/div>\n<\/div>\n<\/div>\n<\/div>\n\n\n\n<p><\/p>\n","protected":false},"excerpt":{"rendered":"","protected":false},"author":1,"featured_media":2363,"parent":0,"menu_order":0,"comment_status":"closed","ping_status":"closed","template":"","meta":{"_glsr_average":0,"_glsr_ranking":0,"_glsr_reviews":0,"footnotes":""},"class_list":["post-11","page","type-page","status-publish","has-post-thumbnail","hentry"],"blocksy_meta":[],"_links":{"self":[{"href":"https:\/\/accueillirtendrement.com\/index.php\/wp-json\/wp\/v2\/pages\/11"}],"collection":[{"href":"https:\/\/accueillirtendrement.com\/index.php\/wp-json\/wp\/v2\/pages"}],"about":[{"href":"https:\/\/accueillirtendrement.com\/index.php\/wp-json\/wp\/v2\/types\/page"}],"author":[{"embeddable":true,"href":"https:\/\/accueillirtendrement.com\/index.php\/wp-json\/wp\/v2\/users\/1"}],"replies":[{"embeddable":true,"href":"https:\/\/accueillirtendrement.com\/index.php\/wp-json\/wp\/v2\/comments?post=11"}],"version-history":[{"count":240,"href":"https:\/\/accueillirtendrement.com\/index.php\/wp-json\/wp\/v2\/pages\/11\/revisions"}],"predecessor-version":[{"id":2584,"href":"https:\/\/accueillirtendrement.com\/index.php\/wp-json\/wp\/v2\/pages\/11\/revisions\/2584"}],"wp:featuredmedia":[{"embeddable":true,"href":"https:\/\/accueillirtendrement.com\/index.php\/wp-json\/wp\/v2\/media\/2363"}],"wp:attachment":[{"href":"https:\/\/accueillirtendrement.com\/index.php\/wp-json\/wp\/v2\/media?parent=11"}],"curies":[{"name":"wp","href":"https:\/\/api.w.org\/{rel}","templated":true}]}}