{"id":77,"date":"2024-09-23T21:19:34","date_gmt":"2024-09-23T21:19:34","guid":{"rendered":"https:\/\/accueillirtendrement.com\/?page_id=77"},"modified":"2025-08-26T12:58:48","modified_gmt":"2025-08-26T12:58:48","slug":"carte-cadeau","status":"publish","type":"page","link":"https:\/\/accueillirtendrement.com\/index.php\/carte-cadeau\/","title":{"rendered":"CARTE CADEAU"},"content":{"rendered":"\n<p class=\"has-text-align-center has-palette-color-1-color has-palette-color-3-background-color has-text-color has-background has-link-color wp-elements-cbb3157fc5d02dacf9231e9bb9e46d31\" style=\"margin-top:0;margin-bottom:0;font-size:clamp(14px, 0.875rem + ((1vw - 3.2px) * 0.313), 18px);\"><strong><em>Chers parents,<br>Vous attendez un heureux \u00e9v\u00e9nement et vous \u00eates en train de confectionner la liste de naissance de vos r\u00eaves.<br>Vous pouvez ajouter directement \u00e0 votre liste de naissance ce lien en pr\u00e9cisant la ou les prestations d\u00e9sir\u00e9es.<\/em><\/strong> <\/p>\n\n\n\n<p class=\"has-text-align-center has-palette-color-1-color has-palette-color-3-background-color has-text-color has-background has-link-color wp-elements-e769b586111f7bcc5e1accd608c03d53\" style=\"margin-top:0;margin-bottom:0;font-size:clamp(14px, 0.875rem + ((1vw - 3.2px) * 0.313), 18px);\"><strong><em>Chers proches,<br>Vous souhaitez offrir une prestation trouv\u00e9e sur une liste de naissance.<\/em><\/strong><br><strong><em>Je vous invite \u00e0 me joindre directement au 06.12.92.05.61.<\/em><\/strong><\/p>\n\n\n\n<div class=\"wp-block-group is-layout-constrained wp-block-group-is-layout-constrained\"><\/div>\n\n\n\n<p class=\"has-text-align-center has-palette-color-3-color has-palette-color-1-background-color has-text-color has-background has-link-color wp-elements-bf0c45b4fd152264e68e10437321639e\" style=\"margin-top:0;margin-bottom:0;padding-top:0;padding-bottom:var(--wp--preset--spacing--30);font-size:clamp(14px, 0.875rem + ((1vw - 3.2px) * 0.469), 20px);\"><strong><em>Pour informations<\/em><\/strong><br><\/p>\n\n\n\n<blockquote class=\"wp-block-quote is-layout-flow wp-block-quote-is-layout-flow\">\n<p class=\"has-text-align-center\" style=\"margin-right:9px;margin-left:9px;font-size:clamp(14px, 0.875rem + ((1vw - 3.2px) * 0.234), 17px);\"><em>Un devis sera r\u00e9alis\u00e9 pour toute prestation souhait\u00e9e en dehors de la zone g\u00e9ographique :<\/em><br><strong><em>Ollioules, Toulon, Six-Fours-les-Plages, Sanary-sur-mer, Bandol, Le Castellet, Le Beausset, \u00c9venos, La Seyne-sur-Mer,&nbsp;<\/em><br><em>Saint-Mandrier-sur-mer, Le Revest-les-Eaux, La Valette-du-Var, La Garde. <\/em><\/strong><\/p>\n<\/blockquote>\n\n\n\n<blockquote class=\"wp-block-quote is-layout-flow wp-block-quote-is-layout-flow\">\n<p class=\"has-text-align-center\" style=\"margin-right:9px;margin-left:9px;font-size:clamp(14px, 0.875rem + ((1vw - 3.2px) * 0.234), 17px);\"><em>La carte cadeau est \u00e0 utiliser dans une dur\u00e9e de six mois \u00e0 compter de sa date d\u2019achat. Elle n\u2019est pas remboursable.<\/em><\/p>\n<\/blockquote>\n\n\n\n<blockquote class=\"wp-block-quote is-layout-flow wp-block-quote-is-layout-flow\">\n<p class=\"has-text-align-center\" style=\"margin-right:9px;margin-left:9px;font-size:clamp(14px, 0.875rem + ((1vw - 3.2px) * 0.234), 17px);\"><em>Le<\/em> <em>paiement se r\u00e9alise dans son int\u00e9gralit\u00e9 par virement instantan\u00e9 le jour de l&rsquo;achat.  <\/em><\/p>\n\n\n\n<p class=\"has-text-align-center\"><em>La carte cadeau est virtuelle et sera transmise par mail d\u00e8s r\u00e9ception de la totalit\u00e9 du paiement<\/em>.<\/p>\n\n\n\n<p class=\"has-text-align-center\" style=\"margin-right:9px;margin-left:9px;font-size:clamp(14px, 0.875rem + ((1vw - 3.2px) * 0.234), 17px);\"><em> <\/em><\/p>\n<\/blockquote>\n\n\n\n<p class=\"has-text-align-center has-palette-color-2-color has-palette-color-3-background-color has-text-color has-background has-link-color has-medium-font-size wp-elements-4bdc0f6dc388c34c9405c3f3ca92a7d9\" style=\"margin-top:0;margin-bottom:0\"><strong><em>RETROUVEZ CI-DESSOUS QUELQUES ACCOMPAGNEMENTS<\/em><\/strong><\/p>\n\n\n\n<div class=\"wp-block-columns has-palette-color-1-background-color has-background is-layout-flex wp-container-core-columns-is-layout-2 wp-block-columns-is-layout-flex\" style=\"margin-top:0;margin-bottom:0;padding-top:0;padding-right:0;padding-bottom:0;padding-left:0\">\n<div class=\"wp-block-column is-layout-flow wp-block-column-is-layout-flow\">\n<div class=\"wp-block-group is-layout-constrained wp-block-group-is-layout-constrained\">\n<div class=\"wp-block-columns is-layout-flex wp-container-core-columns-is-layout-1 wp-block-columns-is-layout-flex\">\n<div class=\"wp-block-column is-layout-flow wp-block-column-is-layout-flow\" style=\"flex-basis:100%\">\n<div class=\"wp-block-cover\"><span aria-hidden=\"true\" class=\"wp-block-cover__background has-background-dim\"><\/span><img fetchpriority=\"high\" decoding=\"async\" width=\"768\" height=\"1024\" class=\"wp-block-cover__image-background wp-image-2295\" alt=\"\" src=\"https:\/\/accueillirtendrement.com\/wp-content\/uploads\/2025\/08\/image-4.jpeg\" data-object-fit=\"cover\" srcset=\"https:\/\/accueillirtendrement.com\/wp-content\/uploads\/2025\/08\/image-4.jpeg 768w, https:\/\/accueillirtendrement.com\/wp-content\/uploads\/2025\/08\/image-4-225x300.jpeg 225w\" sizes=\"(max-width: 768px) 100vw, 768px\" \/><div class=\"wp-block-cover__inner-container is-layout-flow wp-block-cover-is-layout-flow\">\n<p class=\"has-text-align-center has-palette-color-3-color has-text-color has-link-color has-large-font-size wp-elements-2c4a9306c108a9e4f6d8be12acd58a2e\"><br><strong><em><a href=\"https:\/\/accueillirtendrement.com\/index.php\/2024\/09\/28\/le-therapeutique-bain-bebe\/\">TH<\/a><\/em><\/strong><strong><em><a href=\"https:\/\/accueillirtendrement.com\/index.php\/2024\/09\/28\/le-therapeutique-bain-bebe\/\">\u00c9<\/a><\/em><\/strong><strong><em><a href=\"https:\/\/accueillirtendrement.com\/index.php\/2024\/09\/28\/le-therapeutique-bain-bebe\/\">R<\/a><\/em><\/strong><strong><em><a href=\"https:\/\/accueillirtendrement.com\/index.php\/2024\/09\/28\/le-therapeutique-bain-bebe\/\">A<\/a><\/em><\/strong><strong><em><a href=\"https:\/\/accueillirtendrement.com\/index.php\/2024\/09\/28\/le-therapeutique-bain-bebe\/\">P<\/a><\/em><\/strong><strong><em><a href=\"https:\/\/accueillirtendrement.com\/index.php\/2024\/09\/28\/le-therapeutique-bain-bebe\/\">E<\/a><\/em><\/strong><strong><em><a href=\"https:\/\/accueillirtendrement.com\/index.php\/2024\/09\/28\/le-therapeutique-bain-bebe\/\">U<\/a><\/em><\/strong><strong><em><a href=\"https:\/\/accueillirtendrement.com\/index.php\/2024\/09\/28\/le-therapeutique-bain-bebe\/\">T<\/a><\/em><\/strong><strong><em><a href=\"https:\/\/accueillirtendrement.com\/index.php\/2024\/09\/28\/le-therapeutique-bain-bebe\/\">I<\/a><\/em><\/strong><strong><em><a href=\"https:\/\/accueillirtendrement.com\/index.php\/2024\/09\/28\/le-therapeutique-bain-bebe\/\">Q<\/a><\/em><\/strong><strong><em><a href=\"https:\/\/accueillirtendrement.com\/index.php\/2024\/09\/28\/le-therapeutique-bain-bebe\/\">U<\/a><\/em><\/strong><strong><em><a href=\"https:\/\/accueillirtendrement.com\/index.php\/2024\/09\/28\/le-therapeutique-bain-bebe\/\">E<\/a><\/em><\/strong><strong><em><a href=\"https:\/\/accueillirtendrement.com\/index.php\/2024\/09\/28\/le-therapeutique-bain-bebe\/\"> <\/a><\/em><\/strong><strong><em><a href=\"https:\/\/accueillirtendrement.com\/index.php\/2024\/09\/28\/le-therapeutique-bain-bebe\/\">B<\/a><\/em><\/strong><strong><em><a href=\"https:\/\/accueillirtendrement.com\/index.php\/2024\/09\/28\/le-therapeutique-bain-bebe\/\">A<\/a><\/em><\/strong><strong><em><a href=\"https:\/\/accueillirtendrement.com\/index.php\/2024\/09\/28\/le-therapeutique-bain-bebe\/\">I<\/a><\/em><\/strong><strong><em><a href=\"https:\/\/accueillirtendrement.com\/index.php\/2024\/09\/28\/le-therapeutique-bain-bebe\/\">N<\/a><\/em><\/strong><strong><em><a href=\"https:\/\/accueillirtendrement.com\/index.php\/2024\/09\/28\/le-therapeutique-bain-bebe\/\"> <\/a><\/em><\/strong><strong><em><a href=\"https:\/\/accueillirtendrement.com\/index.php\/2024\/09\/28\/le-therapeutique-bain-bebe\/\">B<\/a><\/em><\/strong><strong><em><a href=\"https:\/\/accueillirtendrement.com\/index.php\/2024\/09\/28\/le-therapeutique-bain-bebe\/\">\u00c9<\/a><\/em><\/strong><strong><em><a href=\"https:\/\/accueillirtendrement.com\/index.php\/2024\/09\/28\/le-therapeutique-bain-bebe\/\">B<\/a><\/em><\/strong><a href=\"https:\/\/accueillirtendrement.com\/index.php\/2024\/09\/28\/le-therapeutique-bain-bebe\/\"><strong><em>\u00c9<\/em><\/strong><\/a><\/p>\n<\/div><\/div>\n<\/div>\n<\/div>\n<\/div>\n<\/div>\n\n\n\n<div class=\"wp-block-column is-layout-flow wp-container-core-column-is-layout-3 wp-block-column-is-layout-flow\" style=\"padding-top:0;padding-bottom:0\">\n<div class=\"wp-block-cover is-light\"><span aria-hidden=\"true\" class=\"wp-block-cover__background has-background-dim\"><\/span><img decoding=\"async\" width=\"1170\" height=\"1170\" class=\"wp-block-cover__image-background wp-image-811\" alt=\"\" src=\"http:\/\/accueillirtendrement.com\/wp-content\/uploads\/2024\/11\/460289191_1073983577623905_3950479563399054928_n-2.jpg\" data-object-fit=\"cover\" srcset=\"https:\/\/accueillirtendrement.com\/wp-content\/uploads\/2024\/11\/460289191_1073983577623905_3950479563399054928_n-2.jpg 1170w, https:\/\/accueillirtendrement.com\/wp-content\/uploads\/2024\/11\/460289191_1073983577623905_3950479563399054928_n-2-300x300.jpg 300w, https:\/\/accueillirtendrement.com\/wp-content\/uploads\/2024\/11\/460289191_1073983577623905_3950479563399054928_n-2-1024x1024.jpg 1024w, https:\/\/accueillirtendrement.com\/wp-content\/uploads\/2024\/11\/460289191_1073983577623905_3950479563399054928_n-2-150x150.jpg 150w, https:\/\/accueillirtendrement.com\/wp-content\/uploads\/2024\/11\/460289191_1073983577623905_3950479563399054928_n-2-768x768.jpg 768w\" sizes=\"(max-width: 1170px) 100vw, 1170px\" \/><div class=\"wp-block-cover__inner-container is-layout-flow wp-block-cover-is-layout-flow\">\n<p class=\"has-text-align-center has-palette-color-3-color has-text-color has-link-color has-large-font-size wp-elements-d5117d1a6d554b45eaab84ab432f7e71\" style=\"margin-top:0;margin-right:0;margin-bottom:0;margin-left:0\"><br><strong><em><a href=\"https:\/\/accueillirtendrement.com\/index.php\/2024\/09\/26\/allaitement\/\" data-type=\"post\" data-id=\"186\">ALLAITEMENT<br><\/a><\/em><\/strong><\/p>\n<\/div><\/div>\n<\/div>\n\n\n\n<div class=\"wp-block-column is-layout-flow wp-block-column-is-layout-flow\">\n<div class=\"wp-block-cover\" style=\"border-style:none;border-width:0px;padding-right:0;padding-left:0\"><span aria-hidden=\"true\" class=\"wp-block-cover__background has-background-dim\"><\/span><img decoding=\"async\" width=\"1024\" height=\"683\" class=\"wp-block-cover__image-background wp-image-2296\" alt=\"\" src=\"https:\/\/accueillirtendrement.com\/wp-content\/uploads\/2025\/08\/image-5.jpeg\" data-object-fit=\"cover\" srcset=\"https:\/\/accueillirtendrement.com\/wp-content\/uploads\/2025\/08\/image-5.jpeg 1024w, https:\/\/accueillirtendrement.com\/wp-content\/uploads\/2025\/08\/image-5-300x200.jpeg 300w, https:\/\/accueillirtendrement.com\/wp-content\/uploads\/2025\/08\/image-5-768x512.jpeg 768w\" sizes=\"(max-width: 1024px) 100vw, 1024px\" \/><div class=\"wp-block-cover__inner-container is-layout-flow wp-container-core-cover-is-layout-3 wp-block-cover-is-layout-flow\">\n<p class=\"has-text-align-center has-palette-color-3-color has-text-color has-link-color has-large-font-size wp-elements-19ba13c5a45c834b6b440c0f84ceb0f8\"><br><strong><em><a href=\"https:\/\/accueillirtendrement.com\/index.php\/2024\/09\/26\/le-retour-a-la-maison\/\">L\u2019A<\/a><\/em><\/strong><strong><em><a href=\"https:\/\/accueillirtendrement.com\/index.php\/2024\/09\/26\/le-retour-a-la-maison\/\">R<\/a><\/em><\/strong><strong><em><a href=\"https:\/\/accueillirtendrement.com\/index.php\/2024\/09\/26\/le-retour-a-la-maison\/\">R<\/a><\/em><\/strong><strong><em><a href=\"https:\/\/accueillirtendrement.com\/index.php\/2024\/09\/26\/le-retour-a-la-maison\/\">I<\/a><\/em><\/strong><strong><em><a href=\"https:\/\/accueillirtendrement.com\/index.php\/2024\/09\/26\/le-retour-a-la-maison\/\">V<\/a><\/em><\/strong><strong><em><a href=\"https:\/\/accueillirtendrement.com\/index.php\/2024\/09\/26\/le-retour-a-la-maison\/\">\u00c9<\/a><\/em><\/strong><strong><em><a href=\"https:\/\/accueillirtendrement.com\/index.php\/2024\/09\/26\/le-retour-a-la-maison\/\">E<\/a><\/em><\/strong><strong><em><a href=\"https:\/\/accueillirtendrement.com\/index.php\/2024\/09\/26\/le-retour-a-la-maison\/\"> <\/a><\/em><\/strong><strong><em><a href=\"https:\/\/accueillirtendrement.com\/index.php\/2024\/09\/26\/le-retour-a-la-maison\/\">D<\/a><\/em><\/strong><strong><em><a href=\"https:\/\/accueillirtendrement.com\/index.php\/2024\/09\/26\/le-retour-a-la-maison\/\">E<\/a><\/em><\/strong><strong><em><a href=\"https:\/\/accueillirtendrement.com\/index.php\/2024\/09\/26\/le-retour-a-la-maison\/\"> <\/a><\/em><\/strong><strong><em><a href=\"https:\/\/accueillirtendrement.com\/index.php\/2024\/09\/26\/le-retour-a-la-maison\/\">B<\/a><\/em><\/strong><strong><em><a href=\"https:\/\/accueillirtendrement.com\/index.php\/2024\/09\/26\/le-retour-a-la-maison\/\">\u00c9<\/a><\/em><\/strong><strong><em><a href=\"https:\/\/accueillirtendrement.com\/index.php\/2024\/09\/26\/le-retour-a-la-maison\/\">B<\/a><\/em><\/strong><a href=\"https:\/\/accueillirtendrement.com\/index.php\/2024\/09\/26\/le-retour-a-la-maison\/\"><strong><em>\u00c9<\/em><\/strong><\/a><\/p>\n<\/div><\/div>\n<\/div>\n<\/div>\n\n\n\n<div class=\"wp-block-columns has-palette-color-1-background-color has-background is-layout-flex wp-container-core-columns-is-layout-3 wp-block-columns-is-layout-flex\" style=\"margin-top:0;margin-bottom:0;padding-top:0;padding-right:0;padding-bottom:0;padding-left:0\">\n<div class=\"wp-block-column is-layout-flow wp-block-column-is-layout-flow\">\n<div class=\"wp-block-group is-layout-constrained wp-block-group-is-layout-constrained\">\n<div class=\"wp-block-cover\"><span aria-hidden=\"true\" class=\"wp-block-cover__background has-background-dim\"><\/span><img loading=\"lazy\" decoding=\"async\" width=\"1170\" height=\"1170\" class=\"wp-block-cover__image-background wp-image-816\" alt=\"\" src=\"https:\/\/accueillirtendrement.com\/wp-content\/uploads\/2024\/11\/458985580_1080762743678476_6330733708088504130_n.jpg\" data-object-fit=\"cover\" srcset=\"https:\/\/accueillirtendrement.com\/wp-content\/uploads\/2024\/11\/458985580_1080762743678476_6330733708088504130_n.jpg 1170w, https:\/\/accueillirtendrement.com\/wp-content\/uploads\/2024\/11\/458985580_1080762743678476_6330733708088504130_n-300x300.jpg 300w, https:\/\/accueillirtendrement.com\/wp-content\/uploads\/2024\/11\/458985580_1080762743678476_6330733708088504130_n-1024x1024.jpg 1024w, https:\/\/accueillirtendrement.com\/wp-content\/uploads\/2024\/11\/458985580_1080762743678476_6330733708088504130_n-150x150.jpg 150w, https:\/\/accueillirtendrement.com\/wp-content\/uploads\/2024\/11\/458985580_1080762743678476_6330733708088504130_n-768x768.jpg 768w\" sizes=\"(max-width: 1170px) 100vw, 1170px\" \/><div class=\"wp-block-cover__inner-container is-layout-flow wp-block-cover-is-layout-flow\">\n<p class=\"has-text-align-center has-palette-color-3-color has-text-color has-link-color has-large-font-size wp-elements-9d926f1bc076ba36929e8d27f7f2352a\"><a href=\"https:\/\/accueillirtendrement.com\/index.php\/2024\/09\/26\/portage-physiologique\/\"><strong><em>P<\/em><\/strong><\/a><strong><em><a href=\"https:\/\/accueillirtendrement.com\/index.php\/2024\/09\/26\/portage-physiologique\/\">ORTAGE PHYSIOLOGIQUE<\/a><\/em><\/strong><\/p>\n<\/div><\/div>\n<\/div>\n<\/div>\n\n\n\n<div class=\"wp-block-column is-layout-flow wp-block-column-is-layout-flow\">\n<div class=\"wp-block-cover is-light\"><span aria-hidden=\"true\" class=\"wp-block-cover__background has-background-dim\"><\/span><img loading=\"lazy\" decoding=\"async\" width=\"1170\" height=\"1170\" class=\"wp-block-cover__image-background wp-image-535\" alt=\"\" src=\"http:\/\/accueillirtendrement.com\/wp-content\/uploads\/2024\/09\/457828681_1027783912475249_5857898883585627508_n.jpg\" data-object-fit=\"cover\" srcset=\"https:\/\/accueillirtendrement.com\/wp-content\/uploads\/2024\/09\/457828681_1027783912475249_5857898883585627508_n.jpg 1170w, https:\/\/accueillirtendrement.com\/wp-content\/uploads\/2024\/09\/457828681_1027783912475249_5857898883585627508_n-300x300.jpg 300w, https:\/\/accueillirtendrement.com\/wp-content\/uploads\/2024\/09\/457828681_1027783912475249_5857898883585627508_n-1024x1024.jpg 1024w, https:\/\/accueillirtendrement.com\/wp-content\/uploads\/2024\/09\/457828681_1027783912475249_5857898883585627508_n-150x150.jpg 150w, https:\/\/accueillirtendrement.com\/wp-content\/uploads\/2024\/09\/457828681_1027783912475249_5857898883585627508_n-768x768.jpg 768w\" sizes=\"(max-width: 1170px) 100vw, 1170px\" \/><div class=\"wp-block-cover__inner-container is-layout-flow wp-block-cover-is-layout-flow\">\n<p class=\"has-text-align-center has-palette-color-3-color has-text-color has-link-color has-large-font-size wp-elements-70af0e1bc8b0144eb0c04dc25060f321\" style=\"margin-top:0;margin-right:0;margin-bottom:0;margin-left:0\"><strong><em><a href=\"https:\/\/accueillirtendrement.com\/index.php\/2024\/09\/28\/massage-bebe\/\">M<\/a><\/em><\/strong><strong><em><a href=\"https:\/\/accueillirtendrement.com\/index.php\/2024\/09\/28\/massage-bebe\/\">A<\/a><\/em><\/strong><strong><em><a href=\"https:\/\/accueillirtendrement.com\/index.php\/2024\/09\/28\/massage-bebe\/\">S<\/a><\/em><\/strong><strong><em><a href=\"https:\/\/accueillirtendrement.com\/index.php\/2024\/09\/28\/massage-bebe\/\">S<\/a><\/em><\/strong><strong><em><a href=\"https:\/\/accueillirtendrement.com\/index.php\/2024\/09\/28\/massage-bebe\/\">A<\/a><\/em><\/strong><strong><em><a href=\"https:\/\/accueillirtendrement.com\/index.php\/2024\/09\/28\/massage-bebe\/\">G<\/a><\/em><\/strong><strong><em><a href=\"https:\/\/accueillirtendrement.com\/index.php\/2024\/09\/28\/massage-bebe\/\">E<\/a><\/em><\/strong><strong><em><a href=\"https:\/\/accueillirtendrement.com\/index.php\/2024\/09\/28\/massage-bebe\/\"> <\/a><\/em><\/strong><strong><em><a href=\"https:\/\/accueillirtendrement.com\/index.php\/2024\/09\/28\/massage-bebe\/\">B<\/a><\/em><\/strong><strong><em><a href=\"https:\/\/accueillirtendrement.com\/index.php\/2024\/09\/28\/massage-bebe\/\">\u00c9<\/a><\/em><\/strong><strong><em><a href=\"https:\/\/accueillirtendrement.com\/index.php\/2024\/09\/28\/massage-bebe\/\">B<\/a><\/em><\/strong><a href=\"https:\/\/accueillirtendrement.com\/index.php\/2024\/09\/28\/massage-bebe\/\"><strong><em>\u00c9<\/em><\/strong><\/a><\/p>\n<\/div><\/div>\n<\/div>\n\n\n\n<div class=\"wp-block-column is-layout-flow wp-block-column-is-layout-flow\">\n<div class=\"wp-block-cover\" style=\"border-style:none;border-width:0px;padding-right:0;padding-left:0\"><span aria-hidden=\"true\" class=\"wp-block-cover__background has-background-dim\"><\/span><img loading=\"lazy\" decoding=\"async\" width=\"1200\" height=\"1200\" class=\"wp-block-cover__image-background wp-image-818\" alt=\"\" src=\"https:\/\/accueillirtendrement.com\/wp-content\/uploads\/2024\/11\/BeFunky-design-31.png\" data-object-fit=\"cover\" srcset=\"https:\/\/accueillirtendrement.com\/wp-content\/uploads\/2024\/11\/BeFunky-design-31.png 1200w, https:\/\/accueillirtendrement.com\/wp-content\/uploads\/2024\/11\/BeFunky-design-31-300x300.png 300w, https:\/\/accueillirtendrement.com\/wp-content\/uploads\/2024\/11\/BeFunky-design-31-1024x1024.png 1024w, https:\/\/accueillirtendrement.com\/wp-content\/uploads\/2024\/11\/BeFunky-design-31-150x150.png 150w, https:\/\/accueillirtendrement.com\/wp-content\/uploads\/2024\/11\/BeFunky-design-31-768x768.png 768w\" sizes=\"(max-width: 1200px) 100vw, 1200px\" \/><div class=\"wp-block-cover__inner-container is-layout-flow wp-container-core-cover-is-layout-6 wp-block-cover-is-layout-flow\">\n<p class=\"has-text-align-center has-palette-color-3-color has-text-color has-link-color has-large-font-size wp-elements-d00951db38f64186a97fa6c329bc8da4\"><strong><em><a href=\"https:\/\/accueillirtendrement.com\/index.php\/2024\/09\/28\/initiation-aux-gestes-de-premiers-secours\/\">GESTES D&rsquo;URGENCE<\/a><\/em><\/strong><\/p>\n<\/div><\/div>\n<\/div>\n<\/div>\n\n\n\n<p><\/p>\n","protected":false},"excerpt":{"rendered":"<p>Chers parents,Vous attendez un heureux \u00e9v\u00e9nement et vous \u00eates en train de confectionner la liste de naissance de vos r\u00eaves.Vous pouvez ajouter directement \u00e0 votre liste de naissance ce lien en pr\u00e9cisant la ou les prestations d\u00e9sir\u00e9es. Chers proches,Vous souhaitez offrir une prestation trouv\u00e9e sur une liste de naissance.Je vous invite \u00e0 me joindre directement [&hellip;]<\/p>\n","protected":false},"author":1,"featured_media":2288,"parent":0,"menu_order":0,"comment_status":"closed","ping_status":"closed","template":"","meta":{"_glsr_average":0,"_glsr_ranking":0,"_glsr_reviews":0,"footnotes":""},"class_list":["post-77","page","type-page","status-publish","has-post-thumbnail","hentry"],"blocksy_meta":[],"_links":{"self":[{"href":"https:\/\/accueillirtendrement.com\/index.php\/wp-json\/wp\/v2\/pages\/77"}],"collection":[{"href":"https:\/\/accueillirtendrement.com\/index.php\/wp-json\/wp\/v2\/pages"}],"about":[{"href":"https:\/\/accueillirtendrement.com\/index.php\/wp-json\/wp\/v2\/types\/page"}],"author":[{"embeddable":true,"href":"https:\/\/accueillirtendrement.com\/index.php\/wp-json\/wp\/v2\/users\/1"}],"replies":[{"embeddable":true,"href":"https:\/\/accueillirtendrement.com\/index.php\/wp-json\/wp\/v2\/comments?post=77"}],"version-history":[{"count":79,"href":"https:\/\/accueillirtendrement.com\/index.php\/wp-json\/wp\/v2\/pages\/77\/revisions"}],"predecessor-version":[{"id":2628,"href":"https:\/\/accueillirtendrement.com\/index.php\/wp-json\/wp\/v2\/pages\/77\/revisions\/2628"}],"wp:featuredmedia":[{"embeddable":true,"href":"https:\/\/accueillirtendrement.com\/index.php\/wp-json\/wp\/v2\/media\/2288"}],"wp:attachment":[{"href":"https:\/\/accueillirtendrement.com\/index.php\/wp-json\/wp\/v2\/media?parent=77"}],"curies":[{"name":"wp","href":"https:\/\/api.w.org\/{rel}","templated":true}]}}