{"id":784,"date":"2024-10-29T21:08:30","date_gmt":"2024-10-29T21:08:30","guid":{"rendered":"https:\/\/accueillirtendrement.com\/?page_id=784"},"modified":"2025-08-26T10:58:52","modified_gmt":"2025-08-26T10:58:52","slug":"consultations","status":"publish","type":"page","link":"https:\/\/accueillirtendrement.com\/index.php\/consultations\/","title":{"rendered":"CONSULTATIONS"},"content":{"rendered":"\n<div class=\"wp-block-columns has-palette-color-1-background-color has-background is-layout-flex wp-container-core-columns-is-layout-2 wp-block-columns-is-layout-flex\" style=\"margin-top:0;margin-bottom:0;padding-top:0;padding-right:0;padding-bottom:0;padding-left:0\">\n<div class=\"wp-block-column is-layout-flow wp-block-column-is-layout-flow\">\n<div class=\"wp-block-group is-layout-constrained wp-block-group-is-layout-constrained\">\n<div class=\"wp-block-columns is-layout-flex wp-container-core-columns-is-layout-1 wp-block-columns-is-layout-flex\">\n<div class=\"wp-block-column is-layout-flow wp-block-column-is-layout-flow\" style=\"flex-basis:100%\">\n<div class=\"wp-block-cover\"><span aria-hidden=\"true\" class=\"wp-block-cover__background has-background-dim\"><\/span><img fetchpriority=\"high\" decoding=\"async\" width=\"768\" height=\"1024\" class=\"wp-block-cover__image-background wp-image-2255\" alt=\"\" src=\"https:\/\/accueillirtendrement.com\/wp-content\/uploads\/2025\/08\/image-3.jpeg\" data-object-fit=\"cover\" srcset=\"https:\/\/accueillirtendrement.com\/wp-content\/uploads\/2025\/08\/image-3.jpeg 768w, https:\/\/accueillirtendrement.com\/wp-content\/uploads\/2025\/08\/image-3-225x300.jpeg 225w\" sizes=\"(max-width: 768px) 100vw, 768px\" \/><div class=\"wp-block-cover__inner-container is-layout-flow wp-block-cover-is-layout-flow\">\n<p class=\"has-text-align-center has-palette-color-3-color has-text-color has-link-color has-large-font-size wp-elements-9029d5ea4e18bc4540fd09744902effa\"><a href=\"https:\/\/accueillirtendrement.com\/index.php\/2024\/09\/28\/le-therapeutique-bain-bebe\/\"><strong><em>TH\u00c9RAPEUTIQUE BAIN B\u00c9B\u00c9<\/em><\/strong><\/a><\/p>\n<\/div><\/div>\n<\/div>\n<\/div>\n<\/div>\n<\/div>\n\n\n\n<div class=\"wp-block-column is-layout-flow wp-container-core-column-is-layout-3 wp-block-column-is-layout-flow\" style=\"padding-top:0;padding-bottom:0\">\n<div class=\"wp-block-cover is-light\"><span aria-hidden=\"true\" class=\"wp-block-cover__background has-background-dim\"><\/span><img decoding=\"async\" width=\"1170\" height=\"1185\" class=\"wp-block-cover__image-background wp-image-809\" alt=\"\" src=\"http:\/\/accueillirtendrement.com\/wp-content\/uploads\/2024\/11\/459131263_2269594496719706_6036621608211271277_n.jpg\" data-object-fit=\"cover\" srcset=\"https:\/\/accueillirtendrement.com\/wp-content\/uploads\/2024\/11\/459131263_2269594496719706_6036621608211271277_n.jpg 1170w, https:\/\/accueillirtendrement.com\/wp-content\/uploads\/2024\/11\/459131263_2269594496719706_6036621608211271277_n-296x300.jpg 296w, https:\/\/accueillirtendrement.com\/wp-content\/uploads\/2024\/11\/459131263_2269594496719706_6036621608211271277_n-1011x1024.jpg 1011w, https:\/\/accueillirtendrement.com\/wp-content\/uploads\/2024\/11\/459131263_2269594496719706_6036621608211271277_n-768x778.jpg 768w\" sizes=\"(max-width: 1170px) 100vw, 1170px\" \/><div class=\"wp-block-cover__inner-container is-layout-flow wp-block-cover-is-layout-flow\">\n<p class=\"has-text-align-center has-palette-color-3-color has-text-color has-link-color has-large-font-size wp-elements-240de20c3ce6012ecd16c6a2d6c36f47\" style=\"margin-top:0;margin-right:0;margin-bottom:0;margin-left:0\"><strong><em><a href=\"https:\/\/accueillirtendrement.com\/index.php\/2024\/09\/26\/le-retour-a-la-maison\/\" data-type=\"post\" data-id=\"186\">L\u2019ARRIV\u00c9E DE B\u00c9B\u00c9<\/a><\/em><\/strong><\/p>\n<\/div><\/div>\n<\/div>\n\n\n\n<div class=\"wp-block-column is-layout-flow wp-block-column-is-layout-flow\">\n<div class=\"wp-block-cover is-light\" style=\"border-style:none;border-width:0px;padding-right:0;padding-left:0\"><span aria-hidden=\"true\" class=\"wp-block-cover__background has-background-dim\"><\/span><img decoding=\"async\" width=\"1170\" height=\"1170\" class=\"wp-block-cover__image-background wp-image-811\" alt=\"\" src=\"http:\/\/accueillirtendrement.com\/wp-content\/uploads\/2024\/11\/460289191_1073983577623905_3950479563399054928_n-2.jpg\" data-object-fit=\"cover\" srcset=\"https:\/\/accueillirtendrement.com\/wp-content\/uploads\/2024\/11\/460289191_1073983577623905_3950479563399054928_n-2.jpg 1170w, https:\/\/accueillirtendrement.com\/wp-content\/uploads\/2024\/11\/460289191_1073983577623905_3950479563399054928_n-2-300x300.jpg 300w, https:\/\/accueillirtendrement.com\/wp-content\/uploads\/2024\/11\/460289191_1073983577623905_3950479563399054928_n-2-1024x1024.jpg 1024w, https:\/\/accueillirtendrement.com\/wp-content\/uploads\/2024\/11\/460289191_1073983577623905_3950479563399054928_n-2-150x150.jpg 150w, https:\/\/accueillirtendrement.com\/wp-content\/uploads\/2024\/11\/460289191_1073983577623905_3950479563399054928_n-2-768x768.jpg 768w\" sizes=\"(max-width: 1170px) 100vw, 1170px\" \/><div class=\"wp-block-cover__inner-container is-layout-flow wp-container-core-cover-is-layout-3 wp-block-cover-is-layout-flow\">\n<p class=\"has-text-align-center has-palette-color-3-color has-text-color has-link-color has-large-font-size wp-elements-053be4a6ad9129641b41fd724be9acea\"><strong><em><a href=\"https:\/\/accueillirtendrement.com\/index.php\/2024\/09\/26\/allaitement\/\">AL<\/a><\/em><\/strong><strong><em><a href=\"https:\/\/accueillirtendrement.com\/index.php\/2024\/09\/26\/allaitement\/\">L<\/a><\/em><\/strong><strong><em><a href=\"https:\/\/accueillirtendrement.com\/index.php\/2024\/09\/26\/allaitement\/\">A<\/a><\/em><\/strong><strong><em><a href=\"https:\/\/accueillirtendrement.com\/index.php\/2024\/09\/26\/allaitement\/\">I<\/a><\/em><\/strong><strong><em><a href=\"https:\/\/accueillirtendrement.com\/index.php\/2024\/09\/26\/allaitement\/\">T<\/a><\/em><\/strong><strong><em><a href=\"https:\/\/accueillirtendrement.com\/index.php\/2024\/09\/26\/allaitement\/\">E<\/a><\/em><\/strong><strong><em><a href=\"https:\/\/accueillirtendrement.com\/index.php\/2024\/09\/26\/allaitement\/\">M<\/a><\/em><\/strong><strong><em><a href=\"https:\/\/accueillirtendrement.com\/index.php\/2024\/09\/26\/allaitement\/\">E<\/a><\/em><\/strong><strong><em><a href=\"https:\/\/accueillirtendrement.com\/index.php\/2024\/09\/26\/allaitement\/\">N<\/a><\/em><\/strong><a href=\"https:\/\/accueillirtendrement.com\/index.php\/2024\/09\/26\/allaitement\/\"><strong><em>T<\/em><\/strong><\/a><\/p>\n<\/div><\/div>\n<\/div>\n<\/div>\n\n\n\n<div class=\"wp-block-columns has-palette-color-1-background-color has-background is-layout-flex wp-container-core-columns-is-layout-3 wp-block-columns-is-layout-flex\" style=\"margin-top:0;margin-bottom:0;padding-top:0;padding-right:0;padding-bottom:0;padding-left:0\">\n<div class=\"wp-block-column is-layout-flow wp-block-column-is-layout-flow\">\n<div class=\"wp-block-group is-layout-constrained wp-block-group-is-layout-constrained\">\n<div class=\"wp-block-cover\"><span aria-hidden=\"true\" class=\"wp-block-cover__background has-background-dim\"><\/span><img loading=\"lazy\" decoding=\"async\" width=\"683\" height=\"1024\" class=\"wp-block-cover__image-background wp-image-2368\" alt=\"\" src=\"https:\/\/accueillirtendrement.com\/wp-content\/uploads\/2025\/08\/image-8.jpeg\" data-object-fit=\"cover\" srcset=\"https:\/\/accueillirtendrement.com\/wp-content\/uploads\/2025\/08\/image-8.jpeg 683w, https:\/\/accueillirtendrement.com\/wp-content\/uploads\/2025\/08\/image-8-200x300.jpeg 200w\" sizes=\"(max-width: 683px) 100vw, 683px\" \/><div class=\"wp-block-cover__inner-container is-layout-flow wp-block-cover-is-layout-flow\">\n<p class=\"has-text-align-center has-palette-color-3-color has-text-color has-link-color has-large-font-size wp-elements-ead3fd57a5ba6e3acdbb3695d1bf5744\"><strong><em><a href=\"https:\/\/accueillirtendrement.com\/index.php\/2024\/09\/26\/diversification-dme\/\">ALIMENT<\/a><\/em><\/strong><span style=\"text-decoration: underline;\"><em><a href=\"https:\/\/accueillirtendrement.com\/index.php\/2024\/09\/26\/diversification-dme\/\"><strong>ATION<\/strong><\/a><\/em><\/span><\/p>\n<\/div><\/div>\n<\/div>\n<\/div>\n\n\n\n<div class=\"wp-block-column is-layout-flow wp-block-column-is-layout-flow\">\n<div class=\"wp-block-cover is-light\"><span aria-hidden=\"true\" class=\"wp-block-cover__background has-background-dim\"><\/span><img loading=\"lazy\" decoding=\"async\" width=\"1707\" height=\"2560\" class=\"wp-block-cover__image-background wp-image-2549\" alt=\"\" src=\"http:\/\/accueillirtendrement.com\/wp-content\/uploads\/2024\/09\/pexels-shkrabaanthony-6134670-1-scaled.jpg\" data-object-fit=\"cover\" srcset=\"https:\/\/accueillirtendrement.com\/wp-content\/uploads\/2024\/09\/pexels-shkrabaanthony-6134670-1-scaled.jpg 1707w, https:\/\/accueillirtendrement.com\/wp-content\/uploads\/2024\/09\/pexels-shkrabaanthony-6134670-1-200x300.jpg 200w, https:\/\/accueillirtendrement.com\/wp-content\/uploads\/2024\/09\/pexels-shkrabaanthony-6134670-1-683x1024.jpg 683w, https:\/\/accueillirtendrement.com\/wp-content\/uploads\/2024\/09\/pexels-shkrabaanthony-6134670-1-768x1152.jpg 768w\" sizes=\"(max-width: 1707px) 100vw, 1707px\" \/><div class=\"wp-block-cover__inner-container is-layout-flow wp-block-cover-is-layout-flow\">\n<p class=\"has-text-align-center has-palette-color-3-color has-text-color has-link-color has-large-font-size wp-elements-9ac718f1944b62b4428cb7ffa3645a88\" style=\"margin-top:0;margin-right:0;margin-bottom:0;margin-left:0\"><strong><em><a href=\"https:\/\/accueillirtendrement.com\/index.php\/2024\/09\/30\/rgo-colique\/\">RGO E<\/a><\/em><\/strong><strong><em><a href=\"https:\/\/accueillirtendrement.com\/index.php\/2024\/09\/30\/rgo-colique\/\">T<\/a><\/em><\/strong><strong><em><a href=\"https:\/\/accueillirtendrement.com\/index.php\/2024\/09\/30\/rgo-colique\/\"> <\/a><\/em><\/strong><strong><em><a href=\"https:\/\/accueillirtendrement.com\/index.php\/2024\/09\/30\/rgo-colique\/\">I<\/a><\/em><\/strong><strong><em><a href=\"https:\/\/accueillirtendrement.com\/index.php\/2024\/09\/30\/rgo-colique\/\">N<\/a><\/em><\/strong><strong><em><a href=\"https:\/\/accueillirtendrement.com\/index.php\/2024\/09\/30\/rgo-colique\/\">C<\/a><\/em><\/strong><strong><em><a href=\"https:\/\/accueillirtendrement.com\/index.php\/2024\/09\/30\/rgo-colique\/\">O<\/a><\/em><\/strong><strong><em><a href=\"https:\/\/accueillirtendrement.com\/index.php\/2024\/09\/30\/rgo-colique\/\">N<\/a><\/em><\/strong><strong><em><a href=\"https:\/\/accueillirtendrement.com\/index.php\/2024\/09\/30\/rgo-colique\/\">F<\/a><\/em><\/strong><strong><em><a href=\"https:\/\/accueillirtendrement.com\/index.php\/2024\/09\/30\/rgo-colique\/\">O<\/a><\/em><\/strong><strong><em><a href=\"https:\/\/accueillirtendrement.com\/index.php\/2024\/09\/30\/rgo-colique\/\">R<\/a><\/em><\/strong><a href=\"https:\/\/accueillirtendrement.com\/index.php\/2024\/09\/30\/rgo-colique\/\"><strong><em>T<\/em><\/strong><\/a><\/p>\n<\/div><\/div>\n<\/div>\n\n\n\n<div class=\"wp-block-column is-layout-flow wp-block-column-is-layout-flow\">\n<div class=\"wp-block-cover is-light\"><span aria-hidden=\"true\" class=\"wp-block-cover__background has-background-dim\"><\/span><img loading=\"lazy\" decoding=\"async\" width=\"1829\" height=\"2560\" class=\"wp-block-cover__image-background wp-image-2575\" alt=\"\" src=\"http:\/\/accueillirtendrement.com\/wp-content\/uploads\/2024\/09\/top-view-adorable-little-baby-sleeping-scaled.jpg\" data-object-fit=\"cover\" srcset=\"https:\/\/accueillirtendrement.com\/wp-content\/uploads\/2024\/09\/top-view-adorable-little-baby-sleeping-scaled.jpg 1829w, https:\/\/accueillirtendrement.com\/wp-content\/uploads\/2024\/09\/top-view-adorable-little-baby-sleeping-214x300.jpg 214w, https:\/\/accueillirtendrement.com\/wp-content\/uploads\/2024\/09\/top-view-adorable-little-baby-sleeping-732x1024.jpg 732w, https:\/\/accueillirtendrement.com\/wp-content\/uploads\/2024\/09\/top-view-adorable-little-baby-sleeping-768x1075.jpg 768w, https:\/\/accueillirtendrement.com\/wp-content\/uploads\/2024\/09\/top-view-adorable-little-baby-sleeping-1097x1536.jpg 1097w, https:\/\/accueillirtendrement.com\/wp-content\/uploads\/2024\/09\/top-view-adorable-little-baby-sleeping-1463x2048.jpg 1463w\" sizes=\"(max-width: 1829px) 100vw, 1829px\" \/><div class=\"wp-block-cover__inner-container is-layout-flow wp-block-cover-is-layout-flow\">\n<p class=\"has-text-align-center has-palette-color-3-color has-text-color has-link-color has-large-font-size wp-elements-c49d5f4782ee06ce9159898315bcfeba\" style=\"margin-top:0;margin-right:0;margin-bottom:0;margin-left:0\"><strong><em><a href=\"https:\/\/accueillirtendrement.com\/index.php\/2024\/09\/25\/pleurs\/\">SO<\/a><\/em><\/strong><strong><em><a href=\"https:\/\/accueillirtendrement.com\/index.php\/2024\/09\/25\/pleurs\/\">M<\/a><\/em><\/strong><strong><em><a href=\"https:\/\/accueillirtendrement.com\/index.php\/2024\/09\/25\/pleurs\/\">M<\/a><\/em><\/strong><strong><em><a href=\"https:\/\/accueillirtendrement.com\/index.php\/2024\/09\/25\/pleurs\/\">E<\/a><\/em><\/strong><strong><em><a href=\"https:\/\/accueillirtendrement.com\/index.php\/2024\/09\/25\/pleurs\/\">I<\/a><\/em><\/strong><a href=\"https:\/\/accueillirtendrement.com\/index.php\/2024\/09\/25\/pleurs\/\"><strong><em>L<\/em><\/strong><\/a><\/p>\n<\/div><\/div>\n<\/div>\n<\/div>\n\n\n\n<p><\/p>\n","protected":false},"excerpt":{"rendered":"","protected":false},"author":1,"featured_media":2363,"parent":0,"menu_order":0,"comment_status":"closed","ping_status":"closed","template":"","meta":{"_glsr_average":0,"_glsr_ranking":0,"_glsr_reviews":0,"footnotes":""},"class_list":["post-784","page","type-page","status-publish","has-post-thumbnail","hentry"],"blocksy_meta":[],"_links":{"self":[{"href":"https:\/\/accueillirtendrement.com\/index.php\/wp-json\/wp\/v2\/pages\/784"}],"collection":[{"href":"https:\/\/accueillirtendrement.com\/index.php\/wp-json\/wp\/v2\/pages"}],"about":[{"href":"https:\/\/accueillirtendrement.com\/index.php\/wp-json\/wp\/v2\/types\/page"}],"author":[{"embeddable":true,"href":"https:\/\/accueillirtendrement.com\/index.php\/wp-json\/wp\/v2\/users\/1"}],"replies":[{"embeddable":true,"href":"https:\/\/accueillirtendrement.com\/index.php\/wp-json\/wp\/v2\/comments?post=784"}],"version-history":[{"count":16,"href":"https:\/\/accueillirtendrement.com\/index.php\/wp-json\/wp\/v2\/pages\/784\/revisions"}],"predecessor-version":[{"id":2585,"href":"https:\/\/accueillirtendrement.com\/index.php\/wp-json\/wp\/v2\/pages\/784\/revisions\/2585"}],"wp:featuredmedia":[{"embeddable":true,"href":"https:\/\/accueillirtendrement.com\/index.php\/wp-json\/wp\/v2\/media\/2363"}],"wp:attachment":[{"href":"https:\/\/accueillirtendrement.com\/index.php\/wp-json\/wp\/v2\/media?parent=784"}],"curies":[{"name":"wp","href":"https:\/\/api.w.org\/{rel}","templated":true}]}}